{"id":348,"date":"2015-11-09T07:05:20","date_gmt":"2015-11-09T07:05:20","guid":{"rendered":"http:\/\/alpha-demo.krownthemes.com\/?page_id=6"},"modified":"2020-10-06T20:33:13","modified_gmt":"2020-10-06T18:33:13","slug":"about-us","status":"publish","type":"page","link":"https:\/\/www.a-list.pro\/cs\/o-nas\/","title":{"rendered":"O n\u00e1s"},"content":{"rendered":"<p>[vc_row el_class=&#8220;responsive-padding-less&#8220;][vc_column width=&#8220;1\/3&#8243;][vc_text_separator title=&#8220;Na\u0161e posl\u00e1n\u00ed&#8220; margin=&#8220;25&#8243;][vc_column_text]Na\u0161\u00edm z\u00e1m\u011brem je rychle a profesion\u00e1ln\u011b naj\u00edt ty nejlep\u0161\u00ed kandid\u00e1ty pro na\u0161e klienty a na\u0161im kandid\u00e1t\u016fm doporu\u010dit ty nejvhodn\u011bj\u0161\u00ed p\u0159\u00edle\u017eitosti pr\u00e1v\u011b pro n\u011b.<\/p>\n<p>[\/vc_column_text][\/vc_column][vc_column width=&#8220;1\/3&#8243;][vc_text_separator title=&#8220;Expert\u00edza&#8220; margin=&#8220;25&#8243;][vc_column_text]Na\u0161e zku\u0161enosti z pr\u00e1ce na komplexn\u00edch projektech n\u00e1m umo\u017e\u0148uj\u00ed poskytnout v\u00fdraznou p\u0159idanou hodnotu jak p\u0159i hled\u00e1n\u00ed na pozice v oblastech digit\u00e1ln\u00edho a klasick\u00e9ho marketingu a komunikace, v nich\u017e nab\u00edz\u00edme mimo\u0159\u00e1dn\u011b skv\u011blou expert\u00edzu, tak i p\u0159i hled\u00e1n\u00ed a jedn\u00e1n\u00ed s kandid\u00e1ty na pozice v\u00fdkonn\u00e9ho typu, do nich\u017e vn\u00e1\u0161\u00edme pochopen\u00ed \u0161ir\u0161\u00edch souvislost\u00ed a logiku. Velmi dob\u0159e se osv\u011bd\u010dujeme v hled\u00e1n\u00ed kandid\u00e1t\u016f na pozice, u nich\u017e je krom\u011b odborn\u00e9 zp\u016fsobilosti nutn\u00e1 tak\u00e9 schopnost nach\u00e1zet \u0159e\u0161en\u00ed a samostatn\u011b se rozhodovat.[\/vc_column_text][\/vc_column][vc_column width=&#8220;1\/3&#8243;][vc_text_separator title=&#8220;P\u0159idan\u00e1 hodnota&#8220; margin=&#8220;25&#8243;][vc_column_text]V\u00a0procesu hled\u00e1n\u00ed a v\u00fdb\u011bru zam\u011bstnanc\u016f \u010di naopak v\u00a0procesu hled\u00e1n\u00ed zam\u011bstn\u00e1n\u00ed v\u00e1m u\u0161et\u0159\u00edme \u010das, pom\u016f\u017eeme v\u00e1m efektivn\u011b komunikovat a spr\u00e1vn\u011b se rozhodnout. Sna\u017e\u00edme se o to, aby spolupr\u00e1ce s\u00a0n\u00e1mi byla pro v\u00e1s tak\u00e9 p\u0159\u00edjemn\u00e1 a inspirativn\u00ed.[\/vc_column_text][\/vc_column][\/vc_row][vc_row background=&#8220;#ffffff&#8220; full_width=&#8220;yes&#8220;][vc_column background=&#8220;#ffffff&#8220; width=&#8220;1\/1&#8243;][vc_raw_html css=&#8220;.vc_custom_1510299227308{padding-top: 20px !important;padding-bottom: 20px !important;}&#8220;]JTI2bmJzcCUzQiUwQSUyNm5ic3AlM0I=[\/vc_raw_html][vc_row_inner][vc_column_inner width=&#8220;1\/6&#8243;][vc_separator][\/vc_column_inner][vc_column_inner width=&#8220;2\/3&#8243;][vc_column_text]<\/p>\n<blockquote>\n<p style=\"text-align: center;\">Jsme ambasadory na\u0161ich klient\u016f u kandid\u00e1t\u016f a naopak.\u00a0Pocit, \u017ee spr\u00e1vn\u00fdm doporu\u010den\u00edm m\u016f\u017eeme \u017eivoty lid\u00ed, s\u00a0nimi\u017e se v\u00a0na\u0161\u00ed pr\u00e1ci setk\u00e1v\u00e1me, pozitivn\u011b ovlivnit, n\u00e1m dod\u00e1v\u00e1 energii a chu\u0165 pracovat co nejl\u00e9pe.<\/p>\n<\/blockquote>\n<p>[\/vc_column_text][\/vc_column_inner][vc_column_inner width=&#8220;1\/6&#8243;][vc_separator][\/vc_column_inner][\/vc_row_inner][vc_raw_html css=&#8220;.vc_custom_1510297522927{border-bottom-width: 40px !important;padding-top: 20px !important;}&#8220;]JTI2bmJzcCUzQiUwQSUwQSUyNm5ic3AlM0I=[\/vc_raw_html][\/vc_column][\/vc_row][vc_row full_width=&#8220;yes&#8220;][vc_column width=&#8220;1\/2&#8243; el_class=&#8220;padding&#8220;][vc_text_separator title=&#8220;M\u00c1RIA KOVAL\u010c\u00cdKOV\u00c1&#8220; margin=&#8220;25&#8243;][vc_column_text]A-List Refresh, s.r.o. jsem zalo\u017eila v kv\u011btnu 2016 jako p\u0159\u00edm\u00e9ho n\u00e1stupce A-List s.r.o., vysoce respektovan\u00e9 person\u00e1ln\u00ed agentury s\u00a0v\u00edce ne\u017e desetiletou tradic\u00ed, j\u00ed\u017e jsem byla spolumajitelkou.<\/p>\n<p>M\u00e1m za sebou p\u0159es 20 let zku\u0161enost\u00ed a nespo\u010det \u00fasp\u011b\u0161n\u00fdch projekt\u016f v hled\u00e1n\u00ed kandid\u00e1t\u016f na pozice od \u0159editele firmy, finan\u010dn\u00edho nebo marketingov\u00e9ho \u0159editele po technika nebo zdravotn\u00ed sestru. \u0158ad\u011b lid\u00ed jsem pomohla spr\u00e1vn\u011b se orientovat na pracovn\u00edm trhu a rozhodnout se v jejich kari\u00e9\u0159e.<\/p>\n<p>Postar\u00e1m se o to, \u017ee v\u0161e, co v\u00e1m sl\u00edb\u00edme, tak\u00e9 opravdu dodr\u017e\u00edme.[\/vc_column_text][vc_raw_html css=&#8220;.vc_custom_1510299377486{border-bottom-width: 40px !important;padding-bottom: 40px !important;}&#8220;]JTI2bmJzcCUzQiUwQSUyNm5ic3AlM0IlMEElMjZuYnNwJTNCJTBBJTI2bmJzcCUzQg==[\/vc_raw_html][\/vc_column][vc_column width=&#8220;1\/2&#8243;][vc_single_image image=&#8220;446&#8243;][\/vc_column][\/vc_row]<\/p>","protected":false},"excerpt":{"rendered":"<p>[vc_row el_class=&#8220;responsive-padding-less&#8220;][vc_column width=&#8220;1\/3&#8243;][vc_text_separator title=&#8220;Na\u0161e posl\u00e1n\u00ed&#8220; margin=&#8220;25&#8243;][vc_column_text]Na\u0161\u00edm z\u00e1m\u011brem je rychle a profesion\u00e1ln\u011b naj\u00edt ty nejlep\u0161\u00ed kandid\u00e1ty pro na\u0161e klienty a na\u0161im kandid\u00e1t\u016fm doporu\u010dit ty nejvhodn\u011bj\u0161\u00ed p\u0159\u00edle\u017eitosti pr\u00e1v\u011b pro n\u011b. [\/vc_column_text][\/vc_column][vc_column width=&#8220;1\/3&#8243;][vc_text_separator title=&#8220;Expert\u00edza&#8220; margin=&#8220;25&#8243;][vc_column_text]Na\u0161e zku\u0161enosti z pr\u00e1ce na komplexn\u00edch projektech n\u00e1m umo\u017e\u0148uj\u00ed poskytnout v\u00fdraznou p\u0159idanou hodnotu jak p\u0159i hled\u00e1n\u00ed na pozice v oblastech digit\u00e1ln\u00edho a klasick\u00e9ho marketingu [&hellip;]<\/p>\n","protected":false},"author":1,"featured_media":0,"parent":0,"menu_order":0,"comment_status":"closed","ping_status":"closed","template":"","meta":{"footnotes":""},"_links":{"self":[{"href":"https:\/\/www.a-list.pro\/cs\/wp-json\/wp\/v2\/pages\/348"}],"collection":[{"href":"https:\/\/www.a-list.pro\/cs\/wp-json\/wp\/v2\/pages"}],"about":[{"href":"https:\/\/www.a-list.pro\/cs\/wp-json\/wp\/v2\/types\/page"}],"author":[{"embeddable":true,"href":"https:\/\/www.a-list.pro\/cs\/wp-json\/wp\/v2\/users\/1"}],"replies":[{"embeddable":true,"href":"https:\/\/www.a-list.pro\/cs\/wp-json\/wp\/v2\/comments?post=348"}],"version-history":[{"count":0,"href":"https:\/\/www.a-list.pro\/cs\/wp-json\/wp\/v2\/pages\/348\/revisions"}],"wp:attachment":[{"href":"https:\/\/www.a-list.pro\/cs\/wp-json\/wp\/v2\/media?parent=348"}],"curies":[{"name":"wp","href":"https:\/\/api.w.org\/{rel}","templated":true}]}}