{"id":497,"date":"2000-11-01T01:00:20","date_gmt":"2000-11-01T00:00:20","guid":{"rendered":"http:\/\/www.a-list.pro\/?page_id=497"},"modified":"2020-10-06T17:05:37","modified_gmt":"2020-10-06T15:05:37","slug":"clients","status":"publish","type":"page","link":"https:\/\/www.a-list.pro\/cs\/xklienti\/","title":{"rendered":"xKlienti"},"content":{"rendered":"<p>[vc_row][vc_column width=&#8220;1\/2&#8243;][vc_column_text]Jako v\u00e1\u0161 partner v\u00a0hled\u00e1n\u00ed vhodn\u00e9ho kandid\u00e1ta zajist\u00edme, aby v\u00e1s tento proces co nejm\u00e9n\u011b zat\u00ed\u017eil a vy\u00fastil v n\u00e1stup toho nejlep\u0161\u00edho mo\u017en\u00e9ho \u010dlov\u011bka pro danou pozici a va\u0161i spole\u010dnost.<\/p>\n<p>Krom\u011b toho, \u017ee se postar\u00e1me o \u010dasov\u011b nejn\u00e1ro\u010dn\u011bj\u0161\u00ed \u010d\u00e1st procesu, samotn\u00e9 hled\u00e1n\u00ed a p\u0159edv\u00fdb\u011br kandid\u00e1t\u016f, pom\u016f\u017eeme v\u00e1m i ve v\u0161ech jeho dal\u0161\u00edch f\u00e1z\u00edch \u2013 od zad\u00e1n\u00ed po p\u0159\u00edpravu p\u0159im\u011b\u0159en\u00e9 a z\u00e1rove\u0148 atraktivn\u00ed nab\u00eddky, v\u010detn\u011b efektivn\u00ed komunikace s\u00a0kandid\u00e1ty.[\/vc_column_text][\/vc_column][vc_column width=&#8220;1\/2&#8243;][vc_column_text]Krom\u011b mimo\u0159\u00e1dn\u00e9 expert\u00edzy v oblastech digit\u00e1ln\u00edho i klasick\u00e9ho marketingu a marketingov\u00e9 komunikace toho um\u00edme toho je\u0161t\u011b mnohem v\u00edc. Na\u0161e zku\u0161enosti n\u00e1m pom\u00e1haj\u00ed rychle se orientovat a \u00fasp\u011b\u0161n\u011b naj\u00edt kandid\u00e1ty i na r\u016fzn\u00e9 typy pozic v mnoha oborech.[\/vc_column_text][\/vc_column][\/vc_row][vc_row background=&#8220;#ffffff&#8220;][vc_column width=&#8220;1\/1&#8243;][vc_text_separator title=&#8220;Slu\u017eby&#8220; margin=&#8220;50&#8243;]<div data-opened=\"false\" class=\"krown-accordion clearfix accordion large not-column-inherit\">\n\t\t\t<section>\n\t\t\t\t<h5>P\u0159\u00edm\u00e9 vyhled\u00e1v\u00e1n\u00ed zam\u011bstnanc\u016f na st\u00e1l\u00e9 pozice<\/h5>\n\t\t\t\t<div class=\"content\">\n\t\t\t\t[vc_column_text]S metodou p\u0159\u00edm\u00e9ho vyhled\u00e1v\u00e1n\u00ed odborn\u00edk\u016f na mana\u017eersk\u00e9 a specializovan\u00e9 pozice m\u00e1me bohat\u00e9 zku\u0161enosti. V\u00edme, jak identifikovat vhodn\u00e9 kandid\u00e1ty a p\u0159i oslovov\u00e1n\u00ed klademe d\u016fraz na diskr\u00e9tnost a etick\u00e9 chov\u00e1n\u00ed. Jsme si v\u011bdomi faktu, \u017ee osloveni kandid\u00e1ti mus\u00ed dostat informace, kter\u00e9 je zaujmou a jsou pro ne relevantn\u00ed, a v tomto ohledu v\u00e1m um\u00edme poradit.[\/vc_column_text]\n\t\t\t\t<\/div>\n\t\t\t<\/section> \n\t\t\t<section>\n\t\t\t\t<h5>N\u00e1bor a v\u00fdb\u011br zam\u011bstnanc\u016f<\/h5>\n\t\t\t\t<div class=\"content\">\n\t\t\t\t[vc_column_text]Tato slu\u017eba je ur\u010den\u00e1 klient\u016fm, kte\u0159\u00ed maj\u00ed vlastn\u00ed kandid\u00e1ty (intern\u00ed, na doporu\u010den\u00ed, z\u00edskan\u00e9 prost\u0159ednictv\u00edm vlastn\u00ed inzerce apod.), a cht\u011bj\u00ed u\u0161et\u0159it \u010das a\/nebo poradit p\u0159i v\u00fdb\u011bru z\u00a0nich. Z\u00a0do\u0161l\u00fdch \u017eivotopis\u016f vybereme ty vhodn\u00e9, provedeme vstupn\u00ed hodnot\u00edc\u00ed pohovory s\u00a0vybran\u00fdmi kandid\u00e1ty, z\u00fa\u010dastn\u00edme se panelu v\u00fdb\u011brov\u00e9 komise, p\u0159\u00edpadn\u011b i odpov\u00edme nevhodn\u00fdm kandid\u00e1t\u016fm.[\/vc_column_text]\n\t\t\t\t<\/div>\n\t\t\t<\/section> \n\t\t\t<section>\n\t\t\t\t<h5>HR Partner<\/h5>\n\t\t\t\t<div class=\"content\">\n\t\t\t\t[vc_column_text]Porad\u00edme v\u00e1m jak z\u00edskat, udr\u017eet, motivovat a dlouhodob\u011b rozv\u00edjet zam\u011bstnance. Navrhneme v\u00e1m syst\u00e9m hodnocen\u00ed zam\u011bstnanc\u016f, vzd\u011bl\u00e1vac\u00ed pl\u00e1n, nebo v\u00e1m pom\u016f\u017eeme korektn\u00edm zp\u016fsobem zajistit proces rozv\u00e1z\u00e1n\u00ed pracovn\u00edho pom\u011bru se zam\u011bstnanci.[\/vc_column_text]\n\t\t\t\t<\/div>\n\t\t\t<\/section> \n\t\t\t<section>\n\t\t\t\t<h5>Outplacement<\/h5>\n\t\t\t\t<div class=\"content\">\n\t\t\t\t[vc_column_text]Zam\u011bstnanc\u016fm, s\u00a0kter\u00fdmi se z\u00a0n\u011bjak\u00e9ho d\u016fvodu mus\u00edte rozlou\u010dit, porad\u00edme, jak postupovat p\u0159i hled\u00e1n\u00ed dal\u0161\u00edho uplatn\u011bn\u00ed\u2014od taktiky p\u0159i hled\u00e1n\u00ed, po \u00fapravu \u017eivotopisu a zorientov\u00e1n\u00ed se na pracovn\u00edm trhu. Pokud m\u00e1me otev\u0159en\u00e9 pozice, pro n\u011b\u017e by mohli b\u00fdt vhodn\u00fdmi kandid\u00e1ty, nab\u00eddneme jim je.[\/vc_column_text]\n\t\t\t\t<\/div>\n\t\t\t<\/section> <\/div>[\/vc_column][\/vc_row][vc_row background=&#8220;#e0ded9&#8243;][vc_column width=&#8220;1\/1&#8243;][vc_row_inner][vc_column_inner width=&#8220;1\/4&#8243;][vc_text_separator title=&#8220;Oblasti, kter\u00e9 pokr\u00fdvame a typick\u00e9 pozice&#8220; margin=&#8220;25&#8243;][\/vc_column_inner][vc_column_inner width=&#8220;1\/4&#8243; el_class=&#8220;positions&#8220;][vc_column_text]<\/p>\n<h5 style=\"text-transform: uppercase;\"><span style=\"font-size: 12px;\"><strong>OBCHOD a n\u00e1kup<\/strong><\/span><\/h5>\n<p>Obchodn\u00ed z\u00e1stupce<\/p>\n<p>Key Account Manager<\/p>\n<p>Obchodn\u00ed \u0159editel<\/p>\n<p>N\u00e1kup\u010d\u00ed<\/p>\n<p>Vedouc\u00ed n\u00e1kupu<\/p>\n<p>Procurement manager[\/vc_column_text][vc_separator][vc_column_text]<\/p>\n<h5 style=\"text-transform: uppercase;\"><span style=\"font-size: 12px;\"><strong>LOGIsTIKA A SKLADOV\u00c9 HOSPOD\u00c1\u0158STV\u00cd<\/strong><\/span><\/h5>\n<p>Specialista logistiky<\/p>\n<p>Vedouc\u00ed logistick\u00e9ho odd\u011blen\u00ed<\/p>\n<p>Parts Manager<\/p>\n<p>Supply Chain Manager<\/p>\n<p>Manager skladu<\/p>\n<p>Skladn\u00edk<\/p>\n<h5 style=\"text-transform: uppercase;\"><span style=\"font-size: 12px;\"><strong>SERVIS A SLU\u017dBY Z\u00c1KAZN\u00cdK\u016eM<\/strong><\/span><\/h5>\n<p>Servisn\u00ed technik<\/p>\n<p>Vedouc\u00ed servisu<\/p>\n<p>Specialista z\u00e1kazn\u00edck\u00e9ho servisu<\/p>\n<h5 style=\"text-transform: uppercase;\"><span style=\"font-size: 12px;\"><strong>REKLAMA<\/strong><\/span><\/h5>\n<p>Account Manager<\/p>\n<p>Art Director<\/p>\n<p>Copywriter[\/vc_column_text][\/vc_column_inner][vc_column_inner width=&#8220;1\/4&#8243; el_class=&#8220;positions&#8220;][vc_column_text]<\/p>\n<h5 style=\"text-transform: uppercase;\"><span style=\"font-size: 12px;\"><strong>Digit\u00e1ln\u00ed marketing<br \/>\na e-commerce<\/strong><\/span><\/h5>\n<p>Specialista digit\u00e1ln\u00edho marketingu<\/p>\n<p>Digit\u00e1ln\u00ed projektov\u00fd manager<\/p>\n<p>UI \/ UX Designer[\/vc_column_text][vc_separator][vc_column_text]<\/p>\n<h5 style=\"text-transform: uppercase;\"><span style=\"font-size: 12px;\"><strong>Content Marketing<\/strong><\/span><\/h5>\n<p>Manager soci\u00e1ln\u00edch s\u00edt\u00ed<\/p>\n<p>Komunitn\u00ed manager[\/vc_column_text][vc_separator][vc_column_text]<\/p>\n<h5 style=\"text-transform: uppercase;\"><span style=\"font-size: 12px;\"><strong>Brand a produkt<br \/>\nmarketing<\/strong><\/span><\/h5>\n<p>Brand Manager<\/p>\n<p>Product Manager<\/p>\n<p>Marketing Manager<\/p>\n<p>Category Manager<\/p>\n<p>Trade Marketing Manager[\/vc_column_text][vc_separator][vc_column_text]<\/p>\n<h5 style=\"text-transform: uppercase;\"><span style=\"font-size: 12px;\"><strong>Public relations<\/strong><\/span><\/h5>\n<p>Tiskov\u00fd mluv\u010d\u00ed<\/p>\n<p>PR Manager<\/p>\n<p>Manager korpor\u00e1tn\u00ed komunikace<\/p>\n<p>Vedouc\u00ed odd\u011blen\u00ed PR<\/p>\n<p>Manager intern\u00ed komunikace[\/vc_column_text][\/vc_column_inner][vc_column_inner width=&#8220;1\/4&#8243; el_class=&#8220;positions&#8220;][vc_column_text]<\/p>\n<h5 style=\"text-transform: uppercase;\"><span style=\"font-size: 12px;\"><strong>Finan\u010dn\u00ed management<\/strong><\/span><\/h5>\n<p>Finan\u010dn\u00ed \u0159editel<\/p>\n<p>Finan\u010dn\u00ed manager<\/p>\n<p>Mzdov\u00fd specialista<\/p>\n<p>Manager finan\u010dn\u00edho kontrolingu[\/vc_column_text][vc_separator][vc_column_text]<\/p>\n<h5 style=\"text-transform: uppercase;\"><span style=\"font-size: 12px;\"><strong>Big Data<\/strong><\/span><\/h5>\n<p>Datov\u00fd analytik<\/p>\n<p>Data strategist<\/p>\n<p>Business konzultant[\/vc_column_text][vc_separator][vc_column_text]<\/p>\n<h5 style=\"text-transform: uppercase;\"><span style=\"font-size: 12px;\"><strong>General management<\/strong><\/span><\/h5>\n<p>Gener\u00e1ln\u00ed \u0159editel<\/p>\n<p>\u0158editel firmy<\/p>\n<p>V\u00fdkonn\u00fd \u0159editel<\/p>\n<p>Provozn\u00ed \u0159editel[\/vc_column_text][vc_separator][vc_column_text]<\/p>\n<h5 style=\"text-transform: uppercase;\"><span style=\"font-size: 12px;\"><strong>Administrativa<\/strong><\/span><\/h5>\n<p>Office manager<\/p>\n<p>Manager provozu<\/p>\n<p>Osobn\u00ed asistentka<\/p>\n<p>Administrativn\u00ed asistent<\/p>\n<p>Recep\u010dn\u00ed[\/vc_column_text][\/vc_column_inner][\/vc_row_inner][\/vc_column][\/vc_row][vc_row][vc_column width=&#8220;1\/1&#8243;][vc_row_inner][vc_column_inner width=&#8220;1\/2&#8243;][vc_text_separator title=&#8220;Zp\u016fsob pr\u00e1ce&#8220; margin=&#8220;25&#8243;][vc_column_text]<strong><span style=\"color: black; font-size: 9pt;\">Z A D \u00c1 N \u00cd<\/span><\/strong>\u00a0 Ov\u011b\u0159\u00edme si, o jakou pozici se jedn\u00e1, jak\u00e9 zku\u0161enosti, dovednosti a schopnosti hled\u00e1te u vhodn\u00e9ho kandid\u00e1ta, co je na t\u00e9to pracovn\u00ed p\u0159\u00edle\u017eitosti zvl\u00e1\u0161t\u011b zaj\u00edmav\u00e9, p\u0159\u00edpadn\u011b co by mohlo n\u011bkter\u00e9 kandid\u00e1ty odrazovat, jak\u00fd je v\u00e1\u0161 rozpo\u010det na plat na t\u00e9to pozici apod.<\/p>\n<p><strong><span style=\"color: black; font-size: 9pt;\">L O N G \u2013 L I S T<\/span><\/strong>\u00a0\u00a0Sestav\u00edme prvn\u00ed p\u0159edb\u011b\u017en\u00fd seznam potenci\u00e1ln\u00edch kandid\u00e1t\u016f a n\u011bkter\u00e1 jm\u00e9na s\u00a0v\u00e1mi prodiskutujeme, abychom se ujistili, \u017ee jdeme spr\u00e1vn\u00fdm sm\u011brem.<\/p>\n<p><strong><span style=\"color: black; font-size: 9pt;\">H L E D \u00c1 N \u00cd<\/span><\/strong>\u00a0\u00a0Pro identifikaci vhodn\u00fdch kandid\u00e1t\u016f vyu\u017e\u00edv\u00e1me r\u016fzn\u00e9 metody, podle typu pozice \u2014 od na\u0161\u00ed vlastn\u00ed datab\u00e1ze kandid\u00e1t\u016f, s\u00a0nimi\u017e aktivn\u011b spolupracujeme, p\u0159es na\u0161e znalosti trhu a oboru, inzerci na webov\u00fdch pracovn\u00edch port\u00e1lech, vyu\u017e\u00edv\u00e1n\u00ed soci\u00e1ln\u00edch s\u00edt\u00ed, a\u017e po osobn\u00ed doporu\u010den\u00ed od s\u00edt\u011b na\u0161ich kontakt\u016f a extern\u00edch spolupracovn\u00edk\u016f.<\/p>\n<p><strong><span style=\"color: black; font-size: 9pt;\">P \u0158 E D V \u00dd B \u011a R<\/span><\/strong>\u00a0\u00a0Provedeme prvn\u00ed hodnot\u00edc\u00ed pohovory s\u00a0kandid\u00e1ty. D\u016fkladn\u011b prov\u011b\u0159\u00edme jejich zku\u0161enosti, p\u0159\u00edstup, motivaci, relevantn\u00ed osobnostn\u00ed charakteristiky. Prov\u011b\u0159ujeme i reference u p\u0159ede\u0161l\u00fdch zam\u011bstnavatel\u016f kandid\u00e1t\u016f, pokud to situace vy\u017eaduje a dovoluje. S kandid\u00e1tem probereme i praktick\u00e9 ot\u00e1zky jako platov\u00e1 o\u010dek\u00e1v\u00e1n\u00ed, mo\u017en\u00e9 datum n\u00e1stupu apod. Kandid\u00e1t\u016fm, kte\u0159\u00ed n\u00e1s p\u0159esv\u011bd\u010d\u00ed o tom, \u017ee v\u00a0dostate\u010dn\u00e9 m\u00ed\u0159e spl\u0148uj\u00ed krit\u00e9ria zad\u00e1n\u00ed, pozici nab\u00eddneme.<\/p>\n<p><strong><span style=\"color: black; font-size: 9pt;\">P \u0158 E D S T A V E N \u00cd<\/span><\/strong>\u00a0 Ke ka\u017ed\u00e9mu kandid\u00e1tovi v\u00e1m po\u0161leme jeho \u017eivotopis a p\u00edsemn\u00e9 hodnocen\u00ed, v\u00a0n\u011bm\u017e v\u00e1m jeho zku\u0161enosti, schopnosti a dovednosti budeme prezentovat v\u00a0p\u0159\u00edm\u00e9 n\u00e1vaznosti na va\u0161e krit\u00e9ria v\u00fdb\u011bru.<\/p>\n<p><strong><span style=\"color: black; font-size: 9pt;\">K O O R D I N A C E<\/span><\/strong>\u00a0 B\u011bhem cel\u00e9ho procesu hled\u00e1n\u00ed a v\u00fdb\u011brov\u00e9ho \u0159\u00edzen\u00ed v\u00e1m budeme k\u00a0dispozici pro va\u0161e p\u0159\u00edpadn\u00e9 ot\u00e1zky a konzultaci. Pom\u016f\u017eeme v\u00e1m zorganizovat sch\u016fzky s\u00a0kandid\u00e1ty a ov\u011b\u0159\u00edme pro v\u00e1s jejich zp\u011btnou vazbu po pohovoru.<\/p>\n<p><strong><span style=\"color: black; font-size: 9pt;\">N \u00c1 S T U P E M \u00a0 T O \u00a0 N E K O N \u010c \u00cd<\/span><\/strong>\u00a0\u00a0Po n\u00e1stupu na\u0161eho kandid\u00e1ta do pr\u00e1ce budeme v\u00a0pravideln\u00e9m kontaktu s\u00a0ob\u011bma stranami, abychom p\u0159\u00edpadn\u00e9 probl\u00e9my pomohli podchytit v\u00a0takov\u00e9 f\u00e1zi, kdy je je\u0161t\u011b bude mo\u017en\u00e9 aktivn\u011b \u0159e\u0161it. V\u017edy budeme respektovat d\u016fv\u011brnost poskytnut\u00fdch informac\u00ed.[\/vc_column_text][\/vc_column_inner][vc_column_inner width=&#8220;1\/2&#8243;][vc_text_separator title=&#8220;Expert\u00edza&#8220; margin=&#8220;25&#8243;][vc_column_text]Dok\u00e1\u017eeme identifikovat, co m\u016f\u017ee b\u00fdt pro vhodn\u00e9 kandid\u00e1ty na p\u0159\u00edle\u017eitosti zaj\u00edmav\u00e9, a to v\u010detn\u011b t\u011bch, kte\u0159\u00ed novou pr\u00e1ci nehledaj\u00ed. Um\u00edme rozeznat relevantn\u00ed zku\u0161enosti, dovednosti a spr\u00e1vnou motivaci uchaze\u010d\u016f o zam\u011bstn\u00e1n\u00ed, a jsme schopni v\u00e1m poradit p\u0159i rozhodov\u00e1n\u00ed mezi jednotliv\u00fdmi kandid\u00e1ty.[\/vc_column_text][vc_separator][vc_text_separator title=&#8220;Cena a z\u00e1ruky&#8220; margin=&#8220;25&#8243;][vc_column_text]Na\u0161e cena je obvykle stanovena jako n\u00e1sobek n\u00e1stupn\u00edho hrub\u00e9ho platu kandid\u00e1ta. Konkr\u00e9tn\u00ed podm\u00ednky stanovujeme individu\u00e1ln\u011b, s\u00a0ohledem na zp\u016fsob a frekvenci spolupr\u00e1ce, p\u0159edpokl\u00e1danou obt\u00ed\u017enost hled\u00e1n\u00ed nebo zda n\u00e1m na hled\u00e1n\u00ed kandid\u00e1t\u016f poskytnete exkluzivitu apod. V\u017edy se sna\u017e\u00edme o to, abychom na\u0161li \u0159e\u0161en\u00ed, kter\u00e9 bude v\u00fdhodn\u00e9 pro v\u00e1s, jako zadavatele i pro n\u00e1s, jako dodavatele.<\/p>\n<p>Za um\u00edst\u011bn\u00e9 kandid\u00e1ty v\u00e1m ru\u010d\u00edme a pokud se neosv\u011bd\u010d\u00ed, nebo se rozhodnou odej\u00edt b\u011bhem z\u00e1ru\u010dn\u00ed doby, vr\u00e1t\u00edme v\u00e1m pen\u00edze (v\u00fd\u0161e vr\u00e1cen\u00e9 \u010d\u00e1stky je z\u00e1visl\u00e1 na tom, jak dlouho zam\u011bstnanec ve firm\u011b z\u016fstal).[\/vc_column_text][\/vc_column_inner][\/vc_row_inner][\/vc_column][\/vc_row][vc_row background=&#8220;#ffffff&#8220; background_img=&#8220;914&#8243; full_width=&#8220;yes&#8220;][vc_column width=&#8220;1\/1&#8243;][vc_separator height_2=&#8220;500&#8243; height=&#8220;0&#8243;][\/vc_column][\/vc_row]<\/p>","protected":false},"excerpt":{"rendered":"<p>[vc_row][vc_column width=&#8220;1\/2&#8243;][vc_column_text]Jako v\u00e1\u0161 partner v\u00a0hled\u00e1n\u00ed vhodn\u00e9ho kandid\u00e1ta zajist\u00edme, aby v\u00e1s tento proces co nejm\u00e9n\u011b zat\u00ed\u017eil a vy\u00fastil v n\u00e1stup toho nejlep\u0161\u00edho mo\u017en\u00e9ho \u010dlov\u011bka pro danou pozici a va\u0161i spole\u010dnost. Krom\u011b toho, \u017ee se postar\u00e1me o \u010dasov\u011b nejn\u00e1ro\u010dn\u011bj\u0161\u00ed \u010d\u00e1st procesu, samotn\u00e9 hled\u00e1n\u00ed a p\u0159edv\u00fdb\u011br kandid\u00e1t\u016f, pom\u016f\u017eeme v\u00e1m i ve v\u0161ech jeho dal\u0161\u00edch f\u00e1z\u00edch \u2013 od zad\u00e1n\u00ed [&hellip;]<\/p>\n","protected":false},"author":1,"featured_media":0,"parent":0,"menu_order":0,"comment_status":"closed","ping_status":"closed","template":"","meta":{"footnotes":""},"_links":{"self":[{"href":"https:\/\/www.a-list.pro\/cs\/wp-json\/wp\/v2\/pages\/497"}],"collection":[{"href":"https:\/\/www.a-list.pro\/cs\/wp-json\/wp\/v2\/pages"}],"about":[{"href":"https:\/\/www.a-list.pro\/cs\/wp-json\/wp\/v2\/types\/page"}],"author":[{"embeddable":true,"href":"https:\/\/www.a-list.pro\/cs\/wp-json\/wp\/v2\/users\/1"}],"replies":[{"embeddable":true,"href":"https:\/\/www.a-list.pro\/cs\/wp-json\/wp\/v2\/comments?post=497"}],"version-history":[{"count":0,"href":"https:\/\/www.a-list.pro\/cs\/wp-json\/wp\/v2\/pages\/497\/revisions"}],"wp:attachment":[{"href":"https:\/\/www.a-list.pro\/cs\/wp-json\/wp\/v2\/media?parent=497"}],"curies":[{"name":"wp","href":"https:\/\/api.w.org\/{rel}","templated":true}]}}