{"id":348,"date":"2015-11-09T07:05:20","date_gmt":"2015-11-09T07:05:20","guid":{"rendered":"http:\/\/alpha-demo.krownthemes.com\/?page_id=6"},"modified":"2020-10-06T20:33:13","modified_gmt":"2020-10-06T18:33:13","slug":"about-us","status":"publish","type":"page","link":"https:\/\/www.a-list.pro\/en\/about-us\/","title":{"rendered":"About Us"},"content":{"rendered":"<p>[vc_row el_class=&#8221;responsive-padding-less&#8221;][vc_column width=&#8221;1\/3&#8243;][vc_text_separator title=&#8221;Our mission&#8221; margin=&#8221;25&#8243;][vc_column_text]Our aim is to find the best candidates for our clients and recommend the most suitable career opportunities to our candidates, and to do so efficiently, professionally and speedily. [\/vc_column_text][\/vc_column][vc_column width=&#8221;1\/3&#8243;][vc_text_separator title=&#8221;Experience&#8221; margin=&#8221;25&#8243;][vc_column_text]Our experience of working on complex projects enables us to provide significant added value, whether it be filling positions in digital or classic marketing and communications, which we understand extremely well, or in the search and negotiation of candidates for executive positions, into which we bring an understanding of the broader context and logic. We\u2019re well versed in candidate search for positions where, in addition to professional competence, the ability to find solutions and make independent decisions is also necessary.[\/vc_column_text][\/vc_column][vc_column width=&#8221;1\/3&#8243;][vc_text_separator title=&#8221;Added value&#8221; margin=&#8221;25&#8243;][vc_column_text]In the process of search and selection of candidates or work opportunities we\u2019ll help you make the right choice, communicate efficiently, and save you time. Our goal is to create a working relationship that\u2019s pleasant and inspirational.[\/vc_column_text][\/vc_column][\/vc_row][vc_row background=&#8221;#ffffff&#8221; full_width=&#8221;yes&#8221;][vc_column background=&#8221;#ffffff&#8221; width=&#8221;1\/1&#8243;][vc_raw_html css=&#8221;.vc_custom_1510299227308{padding-top: 20px !important;padding-bottom: 20px !important;}&#8221;]JTI2bmJzcCUzQiUwQSUyNm5ic3AlM0I=[\/vc_raw_html][vc_row_inner][vc_column_inner width=&#8221;1\/6&#8243;][vc_separator][\/vc_column_inner][vc_column_inner width=&#8221;2\/3&#8243;][vc_column_text]<\/p>\n<blockquote>\n<p style=\"text-align: center;\">We act as ambassadors with candidates on behalf of our clients, and vice versa.\u00a0The knowledge that the right recommendation from us can positively influence the lives of people we work with energises and motivates us to give our very best.<\/p>\n<\/blockquote>\n<p>[\/vc_column_text][\/vc_column_inner][vc_column_inner width=&#8221;1\/6&#8243;][vc_separator][\/vc_column_inner][\/vc_row_inner][vc_raw_html css=&#8221;.vc_custom_1510297522927{border-bottom-width: 40px !important;padding-top: 20px !important;}&#8221;]JTI2bmJzcCUzQiUwQSUwQSUyNm5ic3AlM0I=[\/vc_raw_html][\/vc_column][\/vc_row][vc_row full_width=&#8221;yes&#8221;][vc_column width=&#8221;1\/2&#8243; el_class=&#8221;padding&#8221;][vc_text_separator title=&#8221;M\u00c1RIA KOVAL\u010c\u00cdKOV\u00c1&#8221; margin=&#8221;25&#8243;][vc_column_text]I established A-List Refresh, s.r.o. in May 2016 as a direct successor of the A-List s.r.o., a highly respected specialised recruitment agency with a history of more than ten years on the Czech market, which I co-owned.<\/p>\n<p>I offer you my 20+ years of experience and countless successful projects in finding candidates for diverse positions, from a company, financial, or marketing director, to a technician or a nurse. I have helped many people in navigating the labour market properly and in making the right career decisions.<\/p>\n<p>I will make sure that all our promises to you will be carried out in full.[\/vc_column_text][vc_raw_html css=&#8221;.vc_custom_1510299270874{border-bottom-width: 80px !important;padding-bottom: 40px !important;}&#8221;]JTI2bmJzcCUzQiUwQSUyNm5ic3AlM0IlMEElMjZuYnNwJTNCJTBBJTI2bmJzcCUzQg==[\/vc_raw_html][\/vc_column][vc_column width=&#8221;1\/2&#8243;][vc_single_image image=&#8221;446&#8243;][\/vc_column][\/vc_row]<\/p>","protected":false},"excerpt":{"rendered":"<p>[vc_row el_class=&#8221;responsive-padding-less&#8221;][vc_column width=&#8221;1\/3&#8243;][vc_text_separator title=&#8221;Our mission&#8221; margin=&#8221;25&#8243;][vc_column_text]Our aim is to find the best candidates for our clients and recommend the most suitable career opportunities to our candidates, and to do so efficiently, professionally and speedily. [\/vc_column_text][\/vc_column][vc_column width=&#8221;1\/3&#8243;][vc_text_separator title=&#8221;Experience&#8221; margin=&#8221;25&#8243;][vc_column_text]Our experience of working on complex projects enables us to provide significant added value, whether it be filling [&hellip;]<\/p>\n","protected":false},"author":1,"featured_media":0,"parent":0,"menu_order":0,"comment_status":"closed","ping_status":"closed","template":"","meta":{"footnotes":""},"_links":{"self":[{"href":"https:\/\/www.a-list.pro\/en\/wp-json\/wp\/v2\/pages\/348"}],"collection":[{"href":"https:\/\/www.a-list.pro\/en\/wp-json\/wp\/v2\/pages"}],"about":[{"href":"https:\/\/www.a-list.pro\/en\/wp-json\/wp\/v2\/types\/page"}],"author":[{"embeddable":true,"href":"https:\/\/www.a-list.pro\/en\/wp-json\/wp\/v2\/users\/1"}],"replies":[{"embeddable":true,"href":"https:\/\/www.a-list.pro\/en\/wp-json\/wp\/v2\/comments?post=348"}],"version-history":[{"count":0,"href":"https:\/\/www.a-list.pro\/en\/wp-json\/wp\/v2\/pages\/348\/revisions"}],"wp:attachment":[{"href":"https:\/\/www.a-list.pro\/en\/wp-json\/wp\/v2\/media?parent=348"}],"curies":[{"name":"wp","href":"https:\/\/api.w.org\/{rel}","templated":true}]}}