{"id":440,"date":"2017-11-10T06:31:26","date_gmt":"2017-11-10T05:31:26","guid":{"rendered":"http:\/\/www.a-list.pro\/?page_id=440"},"modified":"2023-11-28T18:03:51","modified_gmt":"2023-11-28T17:03:51","slug":"english-msvp","status":"publish","type":"page","link":"https:\/\/www.a-list.pro\/en\/mpsv\/","title":{"rendered":"MPSV"},"content":{"rendered":"<p>[vc_row][vc_column width=&#8221;1\/1&#8243;][vc_text_separator title=&#8221;Permission to operate as employment agent&#8221; margin=&#8221;25&#8243;][vc_column_text]<\/p>\n<p class=\"p1\">The Ministry of Employment and Social Affairs of the Czech Republic (MPSV &#8211; Ministerstvo pr\u00e1ce a soci\u00e1ln\u00edch v\u011bc\u00ed) has granted A-List Refresh, a limited company, the authorization to operate in the capacity of mediator in the areas of employment search and consulting, for those seeking jobs or hiring, in accordance with Czech employment law. To view a copy of the official permit, click on the document icon below:<\/p>\n<p>[\/vc_column_text][vc_row_inner][vc_column_inner width=&#8221;1\/4&#8243;][vc_single_image image=&#8221;933&#8243; img_link_target=&#8221;_blank&#8221; img_link_custom=&#8221;https:\/\/www.a-list.pro\/wp-content\/uploads\/2017\/11\/MPSV_povoleni.pdf&#8221;][\/vc_column_inner][vc_column_inner width=&#8221;1\/4&#8243;][\/vc_column_inner][vc_column_inner width=&#8221;1\/4&#8243;][\/vc_column_inner][vc_column_inner width=&#8221;1\/4&#8243;][\/vc_column_inner][\/vc_row_inner][\/vc_column][\/vc_row]<\/p>","protected":false},"excerpt":{"rendered":"<p>[vc_row][vc_column width=&#8221;1\/1&#8243;][vc_text_separator title=&#8221;Permission to operate as employment agent&#8221; margin=&#8221;25&#8243;][vc_column_text] The Ministry of Employment and Social Affairs of the Czech Republic (MPSV &#8211; Ministerstvo pr\u00e1ce a soci\u00e1ln\u00edch v\u011bc\u00ed) has granted A-List Refresh, a limited company, the authorization to operate in the capacity of mediator in the areas of employment search and consulting, for those seeking jobs [&hellip;]<\/p>\n","protected":false},"author":1,"featured_media":0,"parent":0,"menu_order":0,"comment_status":"closed","ping_status":"closed","template":"","meta":{"footnotes":""},"_links":{"self":[{"href":"https:\/\/www.a-list.pro\/en\/wp-json\/wp\/v2\/pages\/440"}],"collection":[{"href":"https:\/\/www.a-list.pro\/en\/wp-json\/wp\/v2\/pages"}],"about":[{"href":"https:\/\/www.a-list.pro\/en\/wp-json\/wp\/v2\/types\/page"}],"author":[{"embeddable":true,"href":"https:\/\/www.a-list.pro\/en\/wp-json\/wp\/v2\/users\/1"}],"replies":[{"embeddable":true,"href":"https:\/\/www.a-list.pro\/en\/wp-json\/wp\/v2\/comments?post=440"}],"version-history":[{"count":0,"href":"https:\/\/www.a-list.pro\/en\/wp-json\/wp\/v2\/pages\/440\/revisions"}],"wp:attachment":[{"href":"https:\/\/www.a-list.pro\/en\/wp-json\/wp\/v2\/media?parent=440"}],"curies":[{"name":"wp","href":"https:\/\/api.w.org\/{rel}","templated":true}]}}